{"id":776,"date":"2024-11-28T10:14:35","date_gmt":"2024-11-28T09:14:35","guid":{"rendered":"https:\/\/salorge.com\/mentions-legales\/"},"modified":"2025-05-23T11:41:53","modified_gmt":"2025-05-23T09:41:53","slug":"legal-disclaimer","status":"publish","type":"page","link":"https:\/\/salorge.com\/en\/legal-disclaimer\/","title":{"rendered":"Legal disclaimer"},"content":{"rendered":"<h1>Mentions l\u00e9gales<\/h1>\n<p><strong>\u00c9diteur du site:<\/strong><br \/>\nUrsula Weiss et Nicolas Arnould | Paludiers<br \/>\n2, impasse des champs marins<br \/>\nPen d\u2019hu\u00e9 | F 44350 Saint Molf<br \/>\nT\u00e9l\u00e9phone: ++33 (0) 240 625204 \u00b7 ++33 (0) 950 625205<br \/>\nAdresse e-mail: <a href=\"mailto:salorge@free.fr\" target=\"_blank\" rel=\"noopener\">salorge@free.fr<\/a><br \/>\nNum\u00e9ro SIRET: FR25394122709<br \/>\nRCS: [Ville d\u2019enregistrement au Registre du Commerce et des Soci\u00e9t\u00e9s]<\/p>\n<p>Directeur de la publication:<br \/>\nNicolas Arnould | <a href=\"mailto:salorge@free.fr\" target=\"_blank\" rel=\"noopener\">salorge@free.fr<\/a><\/p>\n<p>Conception de sites web: Sabine Herke | <a href=\"https:\/\/www.herkewerke.de\" target=\"_blank\" rel=\"noopener\">www.herkewerke.de<\/a><br \/>\nProgrammation: IT and Netsolutions Oldenburg | <a href=\"https:\/\/www.itn-ol.de\" target=\"_blank\" rel=\"noopener\">www.itn-ol.de<\/a><br \/>\nPhotographies: Paula Hohner | Sabine Herke<\/p>\n<p><strong>H\u00e9bergement:<\/strong><br \/>\nRCS Lille M\u00e9tropole 424 761 419 00045<br \/>\nCode APE 2620Z<br \/>\nN\u00b0 TVA : FR 22 424 761 419<br \/>\nSi\u00e8ge social : 2 rue Kellermann | 59100 Roubaix | France<br \/>\n<a href=\"https:\/\/www.ovhcloud.com\/fr\" target=\"_blank\" rel=\"nofollow noopener\">https:\/\/www.ovhcloud.com\/fr<\/a><\/p>\n<p><strong>Donn\u00e9es personnelles:<\/strong><br \/>\nConform\u00e9ment \u00e0 la loi \u00abInformatique et Libert\u00e9s\u00bb du 6 janvier 1978 modifi\u00e9e et au R\u00e8glement G\u00e9n\u00e9ral sur la Protection des Donn\u00e9es (RGPD), les utilisateurs disposent d\u2019un droit d\u2019acc\u00e8s, de rectification et de suppression de leurs donn\u00e9es personnelles. Pour exercer ce droit, veuillez contacter: <a href=\"mailto:salorge@free.fr\" target=\"_blank\" rel=\"noopener\">salorge@free.fr<\/a><\/p>\n<p><strong>Propri\u00e9t\u00e9 intellectuelle:<\/strong><br \/>\nTous les contenus pr\u00e9sents sur ce site (textes, images, graphismes, logos, etc.) sont prot\u00e9g\u00e9s par le droit d\u2019auteur. Toute reproduction, repr\u00e9sentation ou diffusion, totale ou partielle, est interdite sans l\u2019autorisation pr\u00e9alable de Nicolas Arnould.<\/p>\n<p><strong>Responsabilit\u00e9:<\/strong><br \/>\nNicolas Arnould ne pourra \u00eatre tenu responsable des dommages directs ou indirects r\u00e9sultant de l\u2019utilisation du site ou de l\u2019impossibilit\u00e9 de son acc\u00e8s.<\/p>\n<p><strong>Cookies:<\/strong><br \/>\nCe site utilise des cookies pour am\u00e9liorer l\u2019exp\u00e9rience utilisateur. Pour plus d\u2019informations ou pour g\u00e9rer vos pr\u00e9f\u00e9rences, veuillez consulter notre <a href=\"http:\/\/salorge.com\/fr\/datenschutz\/\">D\u00e9claration de confidentialit\u00e9<\/a>.<\/p>\n","protected":false},"excerpt":{"rendered":"<p>Mentions l\u00e9gales \u00c9diteur du site: Ursula Weiss et Nicolas Arnould | Paludiers 2, impasse des champs marins Pen d\u2019hu\u00e9 | F 44350 Saint Molf T\u00e9l\u00e9phone: ++33 (0) 240 625204 \u00b7 ++33 (0) 950 625205 Adresse e-mail: salorge@free.fr Num\u00e9ro SIRET: FR25394122709 RCS: [Ville d\u2019enregistrement au Registre du Commerce et des Soci\u00e9t\u00e9s] Directeur de la publication: Nicolas [&hellip;]<\/p>\n","protected":false},"author":1,"featured_media":0,"parent":0,"menu_order":11,"comment_status":"closed","ping_status":"closed","template":"_template_impressum.php","meta":{"_acf_changed":false,"om_disable_all_campaigns":false,"_monsterinsights_skip_tracking":false,"_monsterinsights_sitenote_active":false,"_monsterinsights_sitenote_note":"","_monsterinsights_sitenote_category":0,"footnotes":""},"class_list":["post-776","page","type-page","status-publish","hentry"],"acf":[],"aioseo_notices":[],"yoast_head":"<!-- This site is optimized with the Yoast SEO plugin v27.2 - https:\/\/yoast.com\/product\/yoast-seo-wordpress\/ -->\n<title>Legal disclaimer - Salorge<\/title>\n<meta name=\"robots\" content=\"index, follow, max-snippet:-1, max-image-preview:large, max-video-preview:-1\" \/>\n<link rel=\"canonical\" href=\"https:\/\/salorge.com\/en\/legal-disclaimer\/\" \/>\n<meta property=\"og:locale\" content=\"en_US\" \/>\n<meta property=\"og:type\" content=\"article\" \/>\n<meta property=\"og:title\" content=\"Legal disclaimer - Salorge\" \/>\n<meta property=\"og:description\" content=\"Mentions l\u00e9gales \u00c9diteur du site: Ursula Weiss et Nicolas Arnould | Paludiers 2, impasse des champs marins Pen d\u2019hu\u00e9 | F 44350 Saint Molf T\u00e9l\u00e9phone: ++33 (0) 240 625204 \u00b7 ++33 (0) 950 625205 Adresse e-mail: salorge@free.fr Num\u00e9ro SIRET: FR25394122709 RCS: [Ville d\u2019enregistrement au Registre du Commerce et des Soci\u00e9t\u00e9s] Directeur de la publication: Nicolas [&hellip;]\" \/>\n<meta property=\"og:url\" content=\"https:\/\/salorge.com\/en\/legal-disclaimer\/\" \/>\n<meta property=\"og:site_name\" content=\"Salorge\" \/>\n<meta property=\"article:modified_time\" content=\"2025-05-23T09:41:53+00:00\" \/>\n<meta name=\"twitter:card\" content=\"summary_large_image\" \/>\n<meta name=\"twitter:label1\" content=\"Est. reading time\" \/>\n\t<meta name=\"twitter:data1\" content=\"2 minutes\" \/>\n<script type=\"application\/ld+json\" class=\"yoast-schema-graph\">{\"@context\":\"https:\/\/schema.org\",\"@graph\":[{\"@type\":\"WebPage\",\"@id\":\"https:\/\/salorge.com\/en\/legal-disclaimer\/\",\"url\":\"https:\/\/salorge.com\/en\/legal-disclaimer\/\",\"name\":\"Legal disclaimer - Salorge\",\"isPartOf\":{\"@id\":\"https:\/\/salorge.com\/en\/#website\"},\"datePublished\":\"2024-11-28T09:14:35+00:00\",\"dateModified\":\"2025-05-23T09:41:53+00:00\",\"breadcrumb\":{\"@id\":\"https:\/\/salorge.com\/en\/legal-disclaimer\/#breadcrumb\"},\"inLanguage\":\"en-US\",\"potentialAction\":[{\"@type\":\"ReadAction\",\"target\":[\"https:\/\/salorge.com\/en\/legal-disclaimer\/\"]}]},{\"@type\":\"BreadcrumbList\",\"@id\":\"https:\/\/salorge.com\/en\/legal-disclaimer\/#breadcrumb\",\"itemListElement\":[{\"@type\":\"ListItem\",\"position\":1,\"name\":\"Startseite\",\"item\":\"https:\/\/salorge.com\/en\/\"},{\"@type\":\"ListItem\",\"position\":2,\"name\":\"Legal disclaimer\"}]},{\"@type\":\"WebSite\",\"@id\":\"https:\/\/salorge.com\/en\/#website\",\"url\":\"https:\/\/salorge.com\/en\/\",\"name\":\"Salorge\",\"description\":\"\",\"potentialAction\":[{\"@type\":\"SearchAction\",\"target\":{\"@type\":\"EntryPoint\",\"urlTemplate\":\"https:\/\/salorge.com\/en\/?s={search_term_string}\"},\"query-input\":{\"@type\":\"PropertyValueSpecification\",\"valueRequired\":true,\"valueName\":\"search_term_string\"}}],\"inLanguage\":\"en-US\"}]}<\/script>\n<!-- \/ Yoast SEO plugin. -->","yoast_head_json":{"title":"Legal disclaimer - Salorge","robots":{"index":"index","follow":"follow","max-snippet":"max-snippet:-1","max-image-preview":"max-image-preview:large","max-video-preview":"max-video-preview:-1"},"canonical":"https:\/\/salorge.com\/en\/legal-disclaimer\/","og_locale":"en_US","og_type":"article","og_title":"Legal disclaimer - Salorge","og_description":"Mentions l\u00e9gales \u00c9diteur du site: Ursula Weiss et Nicolas Arnould | Paludiers 2, impasse des champs marins Pen d\u2019hu\u00e9 | F 44350 Saint Molf T\u00e9l\u00e9phone: ++33 (0) 240 625204 \u00b7 ++33 (0) 950 625205 Adresse e-mail: salorge@free.fr Num\u00e9ro SIRET: FR25394122709 RCS: [Ville d\u2019enregistrement au Registre du Commerce et des Soci\u00e9t\u00e9s] Directeur de la publication: Nicolas [&hellip;]","og_url":"https:\/\/salorge.com\/en\/legal-disclaimer\/","og_site_name":"Salorge","article_modified_time":"2025-05-23T09:41:53+00:00","twitter_card":"summary_large_image","twitter_misc":{"Est. reading time":"2 minutes"},"schema":{"@context":"https:\/\/schema.org","@graph":[{"@type":"WebPage","@id":"https:\/\/salorge.com\/en\/legal-disclaimer\/","url":"https:\/\/salorge.com\/en\/legal-disclaimer\/","name":"Legal disclaimer - Salorge","isPartOf":{"@id":"https:\/\/salorge.com\/en\/#website"},"datePublished":"2024-11-28T09:14:35+00:00","dateModified":"2025-05-23T09:41:53+00:00","breadcrumb":{"@id":"https:\/\/salorge.com\/en\/legal-disclaimer\/#breadcrumb"},"inLanguage":"en-US","potentialAction":[{"@type":"ReadAction","target":["https:\/\/salorge.com\/en\/legal-disclaimer\/"]}]},{"@type":"BreadcrumbList","@id":"https:\/\/salorge.com\/en\/legal-disclaimer\/#breadcrumb","itemListElement":[{"@type":"ListItem","position":1,"name":"Startseite","item":"https:\/\/salorge.com\/en\/"},{"@type":"ListItem","position":2,"name":"Legal disclaimer"}]},{"@type":"WebSite","@id":"https:\/\/salorge.com\/en\/#website","url":"https:\/\/salorge.com\/en\/","name":"Salorge","description":"","potentialAction":[{"@type":"SearchAction","target":{"@type":"EntryPoint","urlTemplate":"https:\/\/salorge.com\/en\/?s={search_term_string}"},"query-input":{"@type":"PropertyValueSpecification","valueRequired":true,"valueName":"search_term_string"}}],"inLanguage":"en-US"}]}},"_links":{"self":[{"href":"https:\/\/salorge.com\/en\/wp-json\/wp\/v2\/pages\/776","targetHints":{"allow":["GET"]}}],"collection":[{"href":"https:\/\/salorge.com\/en\/wp-json\/wp\/v2\/pages"}],"about":[{"href":"https:\/\/salorge.com\/en\/wp-json\/wp\/v2\/types\/page"}],"author":[{"embeddable":true,"href":"https:\/\/salorge.com\/en\/wp-json\/wp\/v2\/users\/1"}],"replies":[{"embeddable":true,"href":"https:\/\/salorge.com\/en\/wp-json\/wp\/v2\/comments?post=776"}],"version-history":[{"count":1,"href":"https:\/\/salorge.com\/en\/wp-json\/wp\/v2\/pages\/776\/revisions"}],"predecessor-version":[{"id":778,"href":"https:\/\/salorge.com\/en\/wp-json\/wp\/v2\/pages\/776\/revisions\/778"}],"wp:attachment":[{"href":"https:\/\/salorge.com\/en\/wp-json\/wp\/v2\/media?parent=776"}],"curies":[{"name":"wp","href":"https:\/\/api.w.org\/{rel}","templated":true}]}}