{"id":99,"date":"2024-11-27T17:44:14","date_gmt":"2024-11-27T16:44:14","guid":{"rendered":"http:\/\/salorge.com\/?page_id=99"},"modified":"2025-02-24T10:35:49","modified_gmt":"2025-02-24T09:35:49","slug":"ferienhaus-bretagne","status":"publish","type":"page","link":"https:\/\/salorge.com\/de\/ferienhaus-bretagne\/","title":{"rendered":"Unsere Ferienh\u00e4user"},"content":{"rendered":"","protected":false},"excerpt":{"rendered":"","protected":false},"author":1,"featured_media":0,"parent":0,"menu_order":2,"comment_status":"closed","ping_status":"closed","template":"_template_ferienhaeuser.php","meta":{"_acf_changed":false,"om_disable_all_campaigns":false,"_monsterinsights_skip_tracking":false,"_monsterinsights_sitenote_active":false,"_monsterinsights_sitenote_note":"","_monsterinsights_sitenote_category":0,"footnotes":""},"class_list":["post-99","page","type-page","status-publish","hentry"],"acf":[],"aioseo_notices":[],"yoast_head":"<!-- This site is optimized with the Yoast SEO plugin v27.2 - https:\/\/yoast.com\/product\/yoast-seo-wordpress\/ -->\n<title>Unsere Ferienh\u00e4user - Salorge<\/title>\n<meta name=\"description\" content=\"Unser Ferienhaus in der s\u00fcdlichen Bretagne ist ein ehemaliges Bauernhaus auf der Halbinsel Gu\u00e9rande mit Reetdach und Natursteinw\u00e4nden.\" \/>\n<meta name=\"robots\" content=\"index, follow, max-snippet:-1, max-image-preview:large, max-video-preview:-1\" \/>\n<link rel=\"canonical\" href=\"https:\/\/salorge.com\/de\/ferienhaus-bretagne\/\" \/>\n<meta property=\"og:locale\" content=\"de_DE\" \/>\n<meta property=\"og:type\" content=\"article\" \/>\n<meta property=\"og:title\" content=\"Unsere Ferienh\u00e4user - Salorge\" \/>\n<meta property=\"og:description\" content=\"Unser Ferienhaus in der s\u00fcdlichen Bretagne ist ein ehemaliges Bauernhaus auf der Halbinsel Gu\u00e9rande mit Reetdach und Natursteinw\u00e4nden.\" \/>\n<meta property=\"og:url\" content=\"https:\/\/salorge.com\/de\/ferienhaus-bretagne\/\" \/>\n<meta property=\"og:site_name\" content=\"Salorge\" \/>\n<meta property=\"article:modified_time\" content=\"2025-02-24T09:35:49+00:00\" \/>\n<meta name=\"twitter:card\" content=\"summary_large_image\" \/>\n<meta name=\"twitter:label1\" content=\"Gesch\u00e4tzte Lesezeit\" \/>\n\t<meta name=\"twitter:data1\" content=\"2\u00a0Minuten\" \/>\n<script type=\"application\/ld+json\" class=\"yoast-schema-graph\">{\"@context\":\"https:\/\/schema.org\",\"@graph\":[{\"@type\":\"WebPage\",\"@id\":\"https:\/\/salorge.com\/de\/ferienhaus-bretagne\/\",\"url\":\"https:\/\/salorge.com\/de\/ferienhaus-bretagne\/\",\"name\":\"Unsere Ferienh\u00e4user - Salorge\",\"isPartOf\":{\"@id\":\"https:\/\/salorge.com\/de\/#website\"},\"datePublished\":\"2024-11-27T16:44:14+00:00\",\"dateModified\":\"2025-02-24T09:35:49+00:00\",\"description\":\"Unser Ferienhaus in der s\u00fcdlichen Bretagne ist ein ehemaliges Bauernhaus auf der Halbinsel Gu\u00e9rande mit Reetdach und Natursteinw\u00e4nden.\",\"breadcrumb\":{\"@id\":\"https:\/\/salorge.com\/de\/ferienhaus-bretagne\/#breadcrumb\"},\"inLanguage\":\"de\",\"potentialAction\":[{\"@type\":\"ReadAction\",\"target\":[\"https:\/\/salorge.com\/de\/ferienhaus-bretagne\/\"]}]},{\"@type\":\"BreadcrumbList\",\"@id\":\"https:\/\/salorge.com\/de\/ferienhaus-bretagne\/#breadcrumb\",\"itemListElement\":[{\"@type\":\"ListItem\",\"position\":1,\"name\":\"Startseite\",\"item\":\"https:\/\/salorge.com\/de\/\"},{\"@type\":\"ListItem\",\"position\":2,\"name\":\"Unsere Ferienh\u00e4user\"}]},{\"@type\":\"WebSite\",\"@id\":\"https:\/\/salorge.com\/de\/#website\",\"url\":\"https:\/\/salorge.com\/de\/\",\"name\":\"Salorge\",\"description\":\"\",\"potentialAction\":[{\"@type\":\"SearchAction\",\"target\":{\"@type\":\"EntryPoint\",\"urlTemplate\":\"https:\/\/salorge.com\/de\/?s={search_term_string}\"},\"query-input\":{\"@type\":\"PropertyValueSpecification\",\"valueRequired\":true,\"valueName\":\"search_term_string\"}}],\"inLanguage\":\"de\"}]}<\/script>\n<!-- \/ Yoast SEO plugin. -->","yoast_head_json":{"title":"Unsere Ferienh\u00e4user - Salorge","description":"Unser Ferienhaus in der s\u00fcdlichen Bretagne ist ein ehemaliges Bauernhaus auf der Halbinsel Gu\u00e9rande mit Reetdach und Natursteinw\u00e4nden.","robots":{"index":"index","follow":"follow","max-snippet":"max-snippet:-1","max-image-preview":"max-image-preview:large","max-video-preview":"max-video-preview:-1"},"canonical":"https:\/\/salorge.com\/de\/ferienhaus-bretagne\/","og_locale":"de_DE","og_type":"article","og_title":"Unsere Ferienh\u00e4user - Salorge","og_description":"Unser Ferienhaus in der s\u00fcdlichen Bretagne ist ein ehemaliges Bauernhaus auf der Halbinsel Gu\u00e9rande mit Reetdach und Natursteinw\u00e4nden.","og_url":"https:\/\/salorge.com\/de\/ferienhaus-bretagne\/","og_site_name":"Salorge","article_modified_time":"2025-02-24T09:35:49+00:00","twitter_card":"summary_large_image","twitter_misc":{"Gesch\u00e4tzte Lesezeit":"2\u00a0Minuten"},"schema":{"@context":"https:\/\/schema.org","@graph":[{"@type":"WebPage","@id":"https:\/\/salorge.com\/de\/ferienhaus-bretagne\/","url":"https:\/\/salorge.com\/de\/ferienhaus-bretagne\/","name":"Unsere Ferienh\u00e4user - Salorge","isPartOf":{"@id":"https:\/\/salorge.com\/de\/#website"},"datePublished":"2024-11-27T16:44:14+00:00","dateModified":"2025-02-24T09:35:49+00:00","description":"Unser Ferienhaus in der s\u00fcdlichen Bretagne ist ein ehemaliges Bauernhaus auf der Halbinsel Gu\u00e9rande mit Reetdach und Natursteinw\u00e4nden.","breadcrumb":{"@id":"https:\/\/salorge.com\/de\/ferienhaus-bretagne\/#breadcrumb"},"inLanguage":"de","potentialAction":[{"@type":"ReadAction","target":["https:\/\/salorge.com\/de\/ferienhaus-bretagne\/"]}]},{"@type":"BreadcrumbList","@id":"https:\/\/salorge.com\/de\/ferienhaus-bretagne\/#breadcrumb","itemListElement":[{"@type":"ListItem","position":1,"name":"Startseite","item":"https:\/\/salorge.com\/de\/"},{"@type":"ListItem","position":2,"name":"Unsere Ferienh\u00e4user"}]},{"@type":"WebSite","@id":"https:\/\/salorge.com\/de\/#website","url":"https:\/\/salorge.com\/de\/","name":"Salorge","description":"","potentialAction":[{"@type":"SearchAction","target":{"@type":"EntryPoint","urlTemplate":"https:\/\/salorge.com\/de\/?s={search_term_string}"},"query-input":{"@type":"PropertyValueSpecification","valueRequired":true,"valueName":"search_term_string"}}],"inLanguage":"de"}]}},"_links":{"self":[{"href":"https:\/\/salorge.com\/de\/wp-json\/wp\/v2\/pages\/99","targetHints":{"allow":["GET"]}}],"collection":[{"href":"https:\/\/salorge.com\/de\/wp-json\/wp\/v2\/pages"}],"about":[{"href":"https:\/\/salorge.com\/de\/wp-json\/wp\/v2\/types\/page"}],"author":[{"embeddable":true,"href":"https:\/\/salorge.com\/de\/wp-json\/wp\/v2\/users\/1"}],"replies":[{"embeddable":true,"href":"https:\/\/salorge.com\/de\/wp-json\/wp\/v2\/comments?post=99"}],"version-history":[{"count":35,"href":"https:\/\/salorge.com\/de\/wp-json\/wp\/v2\/pages\/99\/revisions"}],"predecessor-version":[{"id":646,"href":"https:\/\/salorge.com\/de\/wp-json\/wp\/v2\/pages\/99\/revisions\/646"}],"wp:attachment":[{"href":"https:\/\/salorge.com\/de\/wp-json\/wp\/v2\/media?parent=99"}],"curies":[{"name":"wp","href":"https:\/\/api.w.org\/{rel}","templated":true}]}}