{"id":356,"date":"2024-11-28T10:14:35","date_gmt":"2024-11-28T09:14:35","guid":{"rendered":"http:\/\/salorge.com\/impressum\/"},"modified":"2025-02-24T12:43:22","modified_gmt":"2025-02-24T11:43:22","slug":"impressum","status":"publish","type":"page","link":"https:\/\/salorge.com\/de\/impressum\/","title":{"rendered":"Impressum"},"content":{"rendered":"<h1>Impressum<\/h1>\n<p><strong>Herausgeber der Website:<\/strong><br \/>\nUrsula Weiss und Nicolas Arnould | Paludiers<br \/>\n2, impasse des champs marins<br \/>\nPen d\u2019hu\u00e9 | F 44350 Saint Molf<br \/>\nTelefon: ++33 (0) 240 625204 | ++33 (0) 950 625205<br \/>\nE-Mail: <a href=\"mailto:salorge@free.fr\" target=\"_blank\" rel=\"noopener\">salorge@free.fr<\/a><br \/>\nUSt-Id-Nr.: FR25394122709<br \/>\nRCS: [Stadt der Eintragung im Handels- und Gesellschaftsregister]<\/p>\n<p>Verantwortlich f\u00fcr den Inhalt gem\u00e4\u00df \u00a7 18 Abs. 2 MStV:<br \/>\nNicolas Arnould | <a href=\"mailto:salorge@free.fr\" target=\"_blank\" rel=\"noopener\">salorge@free.fr<\/a><\/p>\n<p>Webdesign: Sabine Herke | <a href=\"https:\/\/www.herkewerke.de\" target=\"_blank\" rel=\"noopener\">www.herkewerke.de<\/a><br \/>\nProgrammierung: IT and Netsolutions Oldenburg | <a href=\"https:\/\/www.itn-ol.de\" target=\"_blank\" rel=\"noopener\">www.itn-ol.de<\/a><br \/>\nFotos: Paula Hohner | Sabine Herke<\/p>\n<p><strong>Hosting:<\/strong><br \/>\nRCS Lille M\u00e9tropole 424 761 419 00045<br \/>\nCode APE 2620Z<br \/>\nN\u00b0 TVA : FR 22 424 761 419<br \/>\nSi\u00e8ge social : 2 rue Kellermann | 59100 Roubaix | France<br \/>\n<a href=\"https:\/\/www.ovhcloud.com\/fr\" target=\"_blank\" rel=\"nofollow noopener\">https:\/\/www.ovhcloud.com\/fr<\/a><\/p>\n<p><strong>Pers\u00f6nliche Daten:<\/strong><br \/>\nGem\u00e4\u00df dem ge\u00e4nderten Gesetz \u00abInformatique et Libert\u00e9s\u00bb vom 6. Januar 1978 und der Allgemeinen Datenschutzverordnung (DSGVO) haben die Nutzer das Recht, auf ihre pers\u00f6nlichen Daten zuzugreifen, sie zu berichtigen und zu l\u00f6schen. Um dieses Recht auszu\u00fcben, wenden Sie sich bitte an: <a href=\"mailto:salorge@free.fr\" target=\"_blank\" rel=\"noopener\">salorge@free.fr<\/a><\/p>\n<p><strong>Geistiges Eigentum:<\/strong><br \/>\nAlle auf dieser Website vorhandenen Inhalte (Texte, Bilder, Grafiken, Logos usw.) sind urheberrechtlich gesch\u00fctzt. Jede vollst\u00e4ndige oder teilweise Vervielf\u00e4ltigung, Darstellung oder Verbreitung ist ohne die vorherige Genehmigung von Nicolas Arnould untersagt.<\/p>\n<p><strong>Haftung:<\/strong><br \/>\nNicolas Arnould kann nicht f\u00fcr direkte oder indirekte Sch\u00e4den haftbar gemacht werden, die sich aus der Nutzung der Website oder der Unm\u00f6glichkeit des Zugriffs auf diese ergeben.<\/p>\n<p><strong>Cookies:<\/strong><br \/>\nDiese Website verwendet Cookies, um die Nutzererfahrung zu verbessern. F\u00fcr weitere Informationen oder um Ihre Einstellungen zu verwalten, lesen Sie bitte unsere <a href=\"http:\/\/salorge.com\/datenschutz\/\">Datenschutzerkl\u00e4rung<\/a>.<\/p>\n","protected":false},"excerpt":{"rendered":"<p>Impressum Herausgeber der Website: Ursula Weiss und Nicolas Arnould | Paludiers 2, impasse des champs marins Pen d\u2019hu\u00e9 | F 44350 Saint Molf Telefon: ++33 (0) 240 625204 | ++33 (0) 950 625205 E-Mail: salorge@free.fr USt-Id-Nr.: FR25394122709 RCS: [Stadt der Eintragung im Handels- und Gesellschaftsregister] Verantwortlich f\u00fcr den Inhalt gem\u00e4\u00df \u00a7 18 Abs. 2 MStV: [&hellip;]<\/p>\n","protected":false},"author":1,"featured_media":0,"parent":0,"menu_order":11,"comment_status":"closed","ping_status":"closed","template":"_template_impressum.php","meta":{"_acf_changed":false,"om_disable_all_campaigns":false,"_monsterinsights_skip_tracking":false,"_monsterinsights_sitenote_active":false,"_monsterinsights_sitenote_note":"","_monsterinsights_sitenote_category":0,"footnotes":""},"class_list":["post-356","page","type-page","status-publish","hentry"],"acf":[],"aioseo_notices":[],"yoast_head":"<!-- This site is optimized with the Yoast SEO plugin v27.2 - https:\/\/yoast.com\/product\/yoast-seo-wordpress\/ -->\n<title>Impressum - Salorge<\/title>\n<meta name=\"robots\" content=\"index, follow, max-snippet:-1, max-image-preview:large, max-video-preview:-1\" \/>\n<link rel=\"canonical\" href=\"https:\/\/salorge.com\/de\/impressum\/\" \/>\n<meta property=\"og:locale\" content=\"de_DE\" \/>\n<meta property=\"og:type\" content=\"article\" \/>\n<meta property=\"og:title\" content=\"Impressum - Salorge\" \/>\n<meta property=\"og:description\" content=\"Impressum Herausgeber der Website: Ursula Weiss und Nicolas Arnould | Paludiers 2, impasse des champs marins Pen d\u2019hu\u00e9 | F 44350 Saint Molf Telefon: ++33 (0) 240 625204 | ++33 (0) 950 625205 E-Mail: salorge@free.fr USt-Id-Nr.: FR25394122709 RCS: [Stadt der Eintragung im Handels- und Gesellschaftsregister] Verantwortlich f\u00fcr den Inhalt gem\u00e4\u00df \u00a7 18 Abs. 2 MStV: [&hellip;]\" \/>\n<meta property=\"og:url\" content=\"https:\/\/salorge.com\/de\/impressum\/\" \/>\n<meta property=\"og:site_name\" content=\"Salorge\" \/>\n<meta property=\"article:modified_time\" content=\"2025-02-24T11:43:22+00:00\" \/>\n<meta name=\"twitter:card\" content=\"summary_large_image\" \/>\n<meta name=\"twitter:label1\" content=\"Gesch\u00e4tzte Lesezeit\" \/>\n\t<meta name=\"twitter:data1\" content=\"2\u00a0Minuten\" \/>\n<script type=\"application\/ld+json\" class=\"yoast-schema-graph\">{\"@context\":\"https:\/\/schema.org\",\"@graph\":[{\"@type\":\"WebPage\",\"@id\":\"https:\/\/salorge.com\/de\/impressum\/\",\"url\":\"https:\/\/salorge.com\/de\/impressum\/\",\"name\":\"Impressum - Salorge\",\"isPartOf\":{\"@id\":\"https:\/\/salorge.com\/de\/#website\"},\"datePublished\":\"2024-11-28T09:14:35+00:00\",\"dateModified\":\"2025-02-24T11:43:22+00:00\",\"breadcrumb\":{\"@id\":\"https:\/\/salorge.com\/de\/impressum\/#breadcrumb\"},\"inLanguage\":\"de\",\"potentialAction\":[{\"@type\":\"ReadAction\",\"target\":[\"https:\/\/salorge.com\/de\/impressum\/\"]}]},{\"@type\":\"BreadcrumbList\",\"@id\":\"https:\/\/salorge.com\/de\/impressum\/#breadcrumb\",\"itemListElement\":[{\"@type\":\"ListItem\",\"position\":1,\"name\":\"Startseite\",\"item\":\"https:\/\/salorge.com\/de\/\"},{\"@type\":\"ListItem\",\"position\":2,\"name\":\"Impressum\"}]},{\"@type\":\"WebSite\",\"@id\":\"https:\/\/salorge.com\/de\/#website\",\"url\":\"https:\/\/salorge.com\/de\/\",\"name\":\"Salorge\",\"description\":\"\",\"potentialAction\":[{\"@type\":\"SearchAction\",\"target\":{\"@type\":\"EntryPoint\",\"urlTemplate\":\"https:\/\/salorge.com\/de\/?s={search_term_string}\"},\"query-input\":{\"@type\":\"PropertyValueSpecification\",\"valueRequired\":true,\"valueName\":\"search_term_string\"}}],\"inLanguage\":\"de\"}]}<\/script>\n<!-- \/ Yoast SEO plugin. -->","yoast_head_json":{"title":"Impressum - Salorge","robots":{"index":"index","follow":"follow","max-snippet":"max-snippet:-1","max-image-preview":"max-image-preview:large","max-video-preview":"max-video-preview:-1"},"canonical":"https:\/\/salorge.com\/de\/impressum\/","og_locale":"de_DE","og_type":"article","og_title":"Impressum - Salorge","og_description":"Impressum Herausgeber der Website: Ursula Weiss und Nicolas Arnould | Paludiers 2, impasse des champs marins Pen d\u2019hu\u00e9 | F 44350 Saint Molf Telefon: ++33 (0) 240 625204 | ++33 (0) 950 625205 E-Mail: salorge@free.fr USt-Id-Nr.: FR25394122709 RCS: [Stadt der Eintragung im Handels- und Gesellschaftsregister] Verantwortlich f\u00fcr den Inhalt gem\u00e4\u00df \u00a7 18 Abs. 2 MStV: [&hellip;]","og_url":"https:\/\/salorge.com\/de\/impressum\/","og_site_name":"Salorge","article_modified_time":"2025-02-24T11:43:22+00:00","twitter_card":"summary_large_image","twitter_misc":{"Gesch\u00e4tzte Lesezeit":"2\u00a0Minuten"},"schema":{"@context":"https:\/\/schema.org","@graph":[{"@type":"WebPage","@id":"https:\/\/salorge.com\/de\/impressum\/","url":"https:\/\/salorge.com\/de\/impressum\/","name":"Impressum - Salorge","isPartOf":{"@id":"https:\/\/salorge.com\/de\/#website"},"datePublished":"2024-11-28T09:14:35+00:00","dateModified":"2025-02-24T11:43:22+00:00","breadcrumb":{"@id":"https:\/\/salorge.com\/de\/impressum\/#breadcrumb"},"inLanguage":"de","potentialAction":[{"@type":"ReadAction","target":["https:\/\/salorge.com\/de\/impressum\/"]}]},{"@type":"BreadcrumbList","@id":"https:\/\/salorge.com\/de\/impressum\/#breadcrumb","itemListElement":[{"@type":"ListItem","position":1,"name":"Startseite","item":"https:\/\/salorge.com\/de\/"},{"@type":"ListItem","position":2,"name":"Impressum"}]},{"@type":"WebSite","@id":"https:\/\/salorge.com\/de\/#website","url":"https:\/\/salorge.com\/de\/","name":"Salorge","description":"","potentialAction":[{"@type":"SearchAction","target":{"@type":"EntryPoint","urlTemplate":"https:\/\/salorge.com\/de\/?s={search_term_string}"},"query-input":{"@type":"PropertyValueSpecification","valueRequired":true,"valueName":"search_term_string"}}],"inLanguage":"de"}]}},"_links":{"self":[{"href":"https:\/\/salorge.com\/de\/wp-json\/wp\/v2\/pages\/356","targetHints":{"allow":["GET"]}}],"collection":[{"href":"https:\/\/salorge.com\/de\/wp-json\/wp\/v2\/pages"}],"about":[{"href":"https:\/\/salorge.com\/de\/wp-json\/wp\/v2\/types\/page"}],"author":[{"embeddable":true,"href":"https:\/\/salorge.com\/de\/wp-json\/wp\/v2\/users\/1"}],"replies":[{"embeddable":true,"href":"https:\/\/salorge.com\/de\/wp-json\/wp\/v2\/comments?post=356"}],"version-history":[{"count":10,"href":"https:\/\/salorge.com\/de\/wp-json\/wp\/v2\/pages\/356\/revisions"}],"predecessor-version":[{"id":676,"href":"https:\/\/salorge.com\/de\/wp-json\/wp\/v2\/pages\/356\/revisions\/676"}],"wp:attachment":[{"href":"https:\/\/salorge.com\/de\/wp-json\/wp\/v2\/media?parent=356"}],"curies":[{"name":"wp","href":"https:\/\/api.w.org\/{rel}","templated":true}]}}